{"id":85,"date":"2016-11-11T23:08:45","date_gmt":"2016-11-11T23:08:45","guid":{"rendered":"https:\/\/ninetheme.com\/themes\/landium\/?page_id=85"},"modified":"2023-08-28T15:31:07","modified_gmt":"2023-08-28T15:31:07","slug":"home-3","status":"publish","type":"page","link":"https:\/\/amoimpresa.it\/","title":{"rendered":"Home 3"},"content":{"rendered":"<p>[vc_row][vc_column]<a  class=\"ancor\"><\/a><div id=\"start-screen\" class=\"start-screen start-screen--static-bg start-screen--static-bg--style-2\"><div class=\"start-screen__static-bg\" style=\"background-image: url(https:\/\/amoimpresa.it\/wp-content\/uploads\/2020\/04\/Senza-titolo-1-1.jpg)\"><\/div><div class=\"start-screen__content-container\"><div class=\"start-screen__content\"><div class=\"v-align\"><div class=\"v-middle\"><div class=\"container\"><div class=\"row matchHeight-container\"><div class=\"col-xs-12 col-sm-7 col-md-8\"><div class=\"matchHeight-item v-align\"><div><\/div><\/div><\/div><div class=\"col-xs-12 col-sm-5 col-md-4 hidden-xs\"><\/div><\/div><\/div><\/div><\/div><\/div><\/div><\/div>[\/vc_column][\/vc_row][vc_row][vc_column][vc_single_image image=&#8221;317&#8243; img_size=&#8221;250&#215;123&#8243; alignment=&#8221;center&#8221; css=&#8221;.vc_custom_1587644049040{padding-top: 80px !important;padding-bottom: 0px !important;}&#8221;][vc_column_text]<\/p>\n<h3 style=\"text-align: center;\">MARKETING ISPIRAZIONALE<\/h3>\n<p style=\"text-align: center;\">Siamo con le imprese, qui e ora. Abbiamo la possibilit\u00e0 di osservare gli elementi a disposizione, collegarli tra loro e scoprire nuove opportunit\u00e0 che aprono spazi d\u2019azione diversi. Ecco cosa facciamo.<\/p>\n<p>[\/vc_column_text][\/vc_column][\/vc_row][vc_row css=&#8221;.vc_custom_1587645311558{padding-top: 0px !important;}&#8221;][vc_column]<!-- start section --><a id=\"gallery\" class=\"ancor\"><\/a><section class=\"section\"><div class=\"container-fluid\"><div class=\"gallery\"><div class=\"row matchHeight-container\"><div class=\"col-xs-12 col-sm-6 col-sm-push-6\"><div class=\"gallery__item gallery__item--text matchHeight-item\"><div class=\"v-align\"><div><div class=\"section-heading section-heading--left\"><h3 class=\"title h1\">CELEBRATE CELEBRITIES<\/h3><p class=\"sec-desc\">Celebrate Celebrities fa incontrare le Aziende storiche dei nostri territori con professionisti d\u2019eccellenza per la realizzazione di servizi  di celebrazione esclusivi. I settori che proponiamo vanno dal Design all\u2019Editoria, dai Viaggi Esperienziali alla Comunicazione, dalla Creazione di Eventi al Web Design. La loro variet\u00e0 garantisce la disponibilit\u00e0 di strumenti capaci di esaltare l\u2019unicit\u00e0 dei nostri clienti. Il nostro lavoro trasforma i momenti celebrativi di queste importanti imprese in passaggi significativi e indimenticabili, che diventano nuovi pilastri per nuovi obiettivi<\/p><\/div><\/div><\/div><\/div><\/div><div class=\"col-xs-12 col-sm-6 col-sm-pull-6\"><div class=\"gallery__item gallery__item--image matchHeight-item\" style=\"background-image: url(https:\/\/amoimpresa.it\/wp-content\/uploads\/2020\/05\/celebrate.jpg)\"><\/div><\/div><\/div><\/div><\/div><\/section><!-- end section -->[\/vc_column][\/vc_row][vc_row nt_landium_bg_size=&#8221;70%&#8221; css=&#8221;.vc_custom_1681304715901{margin-top: 40px !important;}&#8221;][vc_column width=&#8221;1\/5&#8243;][\/vc_column][vc_column width=&#8221;2\/3&#8243;][vc_column_text]<\/p>\n<h3 style=\"text-align: center;\">FILOSOFIA<\/h3>\n<p style=\"text-align: center;\">Il sistema economico pu\u00f2 essere inteso come una declinazione del sistema naturale delle cose, in cui tutto si tiene, non esiste il vuoto. In uno stato di staticit\u00e0 ogni spazio, ogni elemento, \u00e8 ricco ed \u00e8 pieno di s\u00e9, in uno stato dinamico invece, quale noi ci percepiamo, sar\u00e0 il continuo sentire dei flussi che ci potr\u00e0 dare l\u2019indicazione di dove trovare le risorse e lo stato del nostro benessere.<\/p>\n<p style=\"text-align: center;\">Ogni stato dell\u2019ambiente circostante \u00e8 un\u2019opportunit\u00e0, se si conosce la direzione in cui andare, se si intende usare tutta la propria forza, se si \u00e8 disponibili a condividere ed eventualmente a farsi penetrare e sostenere dall\u2019altro.<\/p>\n<p style=\"text-align: center;\">La sussidiariet\u00e0 \u00e8 il modello che permetter\u00e0, attraverso il protagonismo di tutti gli operatori economici, di muoversi in questo cammino traendo frutti e gratificazioni.<\/p>\n<p style=\"text-align: center;\">(AMOImpresa)<\/p>\n<p>[\/vc_column_text][vc_empty_space height=&#8221;55px&#8221;][vc_single_image image=&#8221;353&#8243; img_size=&#8221;250px&#8221; alignment=&#8221;center&#8221;][\/vc_column][vc_column width=&#8221;1\/5&#8243;][\/vc_column][\/vc_row]<\/p>\n","protected":false},"excerpt":{"rendered":"<p>[vc_row][vc_column][\/vc_column][\/vc_row][vc_row][vc_column][vc_single_image image=&#8221;317&#8243; img_size=&#8221;250&#215;123&#8243; alignment=&#8221;center&#8221; css=&#8221;.vc_custom_1587644049040{padding-top: 80px !important;padding-bottom: 0px !important;}&#8221;][vc_column_text] MARKETING ISPIRAZIONALE Siamo con le imprese, qui e ora. Abbiamo la possibilit\u00e0 di osservare gli elementi a disposizione, collegarli tra loro e scoprire nuove opportunit\u00e0 che aprono spazi d\u2019azione diversi. Ecco cosa facciamo. [\/vc_column_text][\/vc_column][\/vc_row][vc_row css=&#8221;.vc_custom_1587645311558{padding-top: 0px !important;}&#8221;][vc_column][\/vc_column][\/vc_row][vc_row nt_landium_bg_size=&#8221;70%&#8221; css=&#8221;.vc_custom_1681304715901{margin-top: 40px !important;}&#8221;][vc_column width=&#8221;1\/5&#8243;][\/vc_column][vc_column width=&#8221;2\/3&#8243;][vc_column_text] FILOSOFIA Il sistema [&hellip;]<\/p>\n","protected":false},"author":1,"featured_media":0,"parent":0,"menu_order":0,"comment_status":"closed","ping_status":"closed","template":"one-page-template.php","meta":{"footnotes":""},"_links":{"self":[{"href":"https:\/\/amoimpresa.it\/index.php?rest_route=\/wp\/v2\/pages\/85"}],"collection":[{"href":"https:\/\/amoimpresa.it\/index.php?rest_route=\/wp\/v2\/pages"}],"about":[{"href":"https:\/\/amoimpresa.it\/index.php?rest_route=\/wp\/v2\/types\/page"}],"author":[{"embeddable":true,"href":"https:\/\/amoimpresa.it\/index.php?rest_route=\/wp\/v2\/users\/1"}],"replies":[{"embeddable":true,"href":"https:\/\/amoimpresa.it\/index.php?rest_route=%2Fwp%2Fv2%2Fcomments&post=85"}],"version-history":[{"count":33,"href":"https:\/\/amoimpresa.it\/index.php?rest_route=\/wp\/v2\/pages\/85\/revisions"}],"predecessor-version":[{"id":355,"href":"https:\/\/amoimpresa.it\/index.php?rest_route=\/wp\/v2\/pages\/85\/revisions\/355"}],"wp:attachment":[{"href":"https:\/\/amoimpresa.it\/index.php?rest_route=%2Fwp%2Fv2%2Fmedia&parent=85"}],"curies":[{"name":"wp","href":"https:\/\/api.w.org\/{rel}","templated":true}]}}